{"id":1008,"date":"2025-06-03T10:30:26","date_gmt":"2025-06-03T10:30:26","guid":{"rendered":"https:\/\/gypse180.ca\/?page_id=1008"},"modified":"2025-06-03T13:49:06","modified_gmt":"2025-06-03T13:49:06","slug":"secteurs","status":"publish","type":"page","link":"https:\/\/gypse180.ca\/index.php\/secteurs\/","title":{"rendered":"Secteurs"},"content":{"rendered":"<div class=\"wpb-content-wrapper\"><p>[vc_row no_padding=\u00a0\u00bbyes\u00a0\u00bb equal_height=\u00a0\u00bbyes\u00a0\u00bb content_placement=\u00a0\u00bbmiddle\u00a0\u00bb parallax=\u00a0\u00bbcontent-moving\u00a0\u00bb parallax_speed_bg=\u00a0\u00bb\u00a0\u00bb][vc_column parallax=\u00a0\u00bbcontent-moving\u00a0\u00bb parallax_image=\u00a0\u00bb955&Prime; offset=\u00a0\u00bbvc_col-md-6&Prime; el_class=\u00a0\u00bbcustom-parallax-height\u00a0\u00bb conditional_render=\u00a0\u00bb%5B%7B%22value_role%22%3A%22administrator%22%7D%5D\u00a0\u00bb][\/vc_column][vc_column is_half=\u00a0\u00bbyes\u00a0\u00bb is_full_md=\u00a0\u00bbyes\u00a0\u00bb offset=\u00a0\u00bbvc_col-md-6&Prime; css=\u00a0\u00bb.vc_custom_1625363197307{padding-top: 4rem !important;padding-bottom: 4rem !important;}\u00a0\u00bb half_css=\u00a0\u00bbps-lg-6&Prime;][vc_custom_heading text=\u00a0\u00bbLITI\u00c8RE ANIMALE\u00a0\u00bb font_container=\u00a0\u00bbtag:h2|font_size:2.3em|text_align:left|line_height:42px\u00a0\u00bb use_theme_fonts=\u00a0\u00bbyes\u00a0\u00bb font_weight=\u00a0\u00bb700&Prime; animation_delay=\u00a0\u00bb400&Prime; el_class=\u00a0\u00bbmb-4&Prime; animation_type=\u00a0\u00bbfadeInUp\u00a0\u00bb css_params=\u00a0\u00bb\u00a0\u00bb][vc_custom_heading text=\u00a0\u00bbL&rsquo;utilisation du gypse recycl\u00e9 comme liti\u00e8re pour animaux permet de conserver le support cartonn\u00e9 dans le proc\u00e9d\u00e9 de recyclage. Plusieurs \u00e9tudes et essais ont \u00e9t\u00e9 r\u00e9alis\u00e9s sur les propri\u00e9t\u00e9s du gypse et son potentiel en tant que mat\u00e9riau de liti\u00e8re est fort int\u00e9ressant.\u00a0\u00bb font_container=\u00a0\u00bbtag:p|font_size:1.1em|text_align:left\u00a0\u00bb use_theme_fonts=\u00a0\u00bbyes\u00a0\u00bb animation_delay=\u00a0\u00bb600&Prime; el_class=\u00a0\u00bbpb-2 mb-4&Prime; animation_type=\u00a0\u00bbfadeInUp\u00a0\u00bb css_params=\u00a0\u00bb\u00a0\u00bb][vc_btn title=\u00a0\u00bbEn savoir plus\u00a0\u00bb style=\u00a0\u00bboutline\u00a0\u00bb color=\u00a0\u00bbgreen\u00a0\u00bb size=\u00a0\u00bblg\u00a0\u00bb align=\u00a0\u00bbleft\u00a0\u00bb skin=\u00a0\u00bblight\u00a0\u00bb btn_fs=\u00a0\u00bb.8rem\u00a0\u00bb btn_fw=\u00a0\u00bb700&Prime; btn_ls=\u00a0\u00bb2px\u00a0\u00bb el_cls=\u00a0\u00bbcustom-btn-light custom-btn-border\u00a0\u00bb animation_delay=\u00a0\u00bb800&Prime; link=\u00a0\u00bburl:https%3A%2F%2Fgypse180.ca%2Findex.php%2Flitiere-animale%2F|title:Liti%C3%A8re%20animale\u00a0\u00bb btn_px=\u00a0\u00bb48px\u00a0\u00bb btn_py=\u00a0\u00bb21.5px\u00a0\u00bb animation_type=\u00a0\u00bbfadeInUp\u00a0\u00bb el_class=\u00a0\u00bbmb-0&Prime; css_params=\u00a0\u00bb\u00a0\u00bb][\/vc_column][\/vc_row][vc_row no_padding=\u00a0\u00bbyes\u00a0\u00bb equal_height=\u00a0\u00bbyes\u00a0\u00bb content_placement=\u00a0\u00bbmiddle\u00a0\u00bb parallax=\u00a0\u00bbcontent-moving\u00a0\u00bb parallax_speed_bg=\u00a0\u00bb\u00a0\u00bb][vc_column parallax=\u00a0\u00bbcontent-moving\u00a0\u00bb parallax_image=\u00a0\u00bb989&Prime; offset=\u00a0\u00bbvc_col-md-6&Prime; el_class=\u00a0\u00bbcustom-parallax-height order-lg-1&Prime; conditional_render=\u00a0\u00bb%5B%7B%22value_role%22%3A%22administrator%22%7D%5D\u00a0\u00bb css_params=\u00a0\u00bb\u00a0\u00bb css=\u00a0\u00bb.vc_custom_1748945140305{padding: 100px !important;}\u00a0\u00bb][\/vc_column][vc_column is_half=\u00a0\u00bbyes\u00a0\u00bb is_half_right=\u00a0\u00bbyes\u00a0\u00bb is_full_md=\u00a0\u00bbyes\u00a0\u00bb offset=\u00a0\u00bbvc_col-md-6&Prime; css=\u00a0\u00bb.vc_custom_1748945249219{padding: 6rem !important;}\u00a0\u00bb half_css=\u00a0\u00bbpe-lg-5&Prime; conditional_render=\u00a0\u00bb%5B%7B%22value_role%22%3A%22administrator%22%7D%5D\u00a0\u00bb css_params=\u00a0\u00bb\u00a0\u00bb][vc_custom_heading text=\u00a0\u00bbINDUSTRIE CIMENTI\u00c8RE\u00a0\u00bb font_container=\u00a0\u00bbtag:h2|font_size:2.3em|text_align:left|line_height:42px\u00a0\u00bb use_theme_fonts=\u00a0\u00bbyes\u00a0\u00bb font_weight=\u00a0\u00bb700&Prime; animation_delay=\u00a0\u00bb400&Prime; el_class=\u00a0\u00bbmb-4&Prime; animation_type=\u00a0\u00bbfadeInUp\u00a0\u00bb css_params=\u00a0\u00bb\u00a0\u00bb][vc_custom_heading text=\u00a0\u00bbLe gypse recycl\u00e9 joue un r\u00f4le important dans l&rsquo;industrie cimenti\u00e8re, principalement en tant qu&rsquo;additif. Voici quelques points cl\u00e9s concernant son utilisation\u00a0\u00bb font_container=\u00a0\u00bbtag:p|font_size:1.1em|text_align:left\u00a0\u00bb use_theme_fonts=\u00a0\u00bbyes\u00a0\u00bb animation_delay=\u00a0\u00bb600&Prime; el_class=\u00a0\u00bbpb-2 mb-4&Prime; animation_type=\u00a0\u00bbfadeInUp\u00a0\u00bb css_params=\u00a0\u00bb\u00a0\u00bb][vc_btn title=\u00a0\u00bbEn savoir plus\u00a0\u00bb style=\u00a0\u00bboutline\u00a0\u00bb color=\u00a0\u00bbblack\u00a0\u00bb size=\u00a0\u00bblg\u00a0\u00bb align=\u00a0\u00bbleft\u00a0\u00bb skin=\u00a0\u00bblight\u00a0\u00bb btn_fs=\u00a0\u00bb.8rem\u00a0\u00bb btn_fw=\u00a0\u00bb700&Prime; btn_ls=\u00a0\u00bb2px\u00a0\u00bb el_cls=\u00a0\u00bbcustom-btn-light custom-btn-border\u00a0\u00bb animation_delay=\u00a0\u00bb800&Prime; link=\u00a0\u00bburl:https%3A%2F%2Fgypse180.ca%2Findex.php%2Findustrie-cimentiere%2F|title:Industrie%20cimenti%C3%A8re\u00a0\u00bb btn_px=\u00a0\u00bb48px\u00a0\u00bb btn_py=\u00a0\u00bb21.5px\u00a0\u00bb animation_type=\u00a0\u00bbfadeInUp\u00a0\u00bb el_class=\u00a0\u00bbmb-0&Prime; css_params=\u00a0\u00bb\u00a0\u00bb][\/vc_column][\/vc_row][vc_row no_padding=\u00a0\u00bbyes\u00a0\u00bb equal_height=\u00a0\u00bbyes\u00a0\u00bb content_placement=\u00a0\u00bbmiddle\u00a0\u00bb parallax=\u00a0\u00bbcontent-moving\u00a0\u00bb parallax_speed_bg=\u00a0\u00bb\u00a0\u00bb][vc_column parallax=\u00a0\u00bbcontent-moving\u00a0\u00bb parallax_image=\u00a0\u00bb1020&Prime; offset=\u00a0\u00bbvc_col-md-6&Prime; el_class=\u00a0\u00bbcustom-parallax-height\u00a0\u00bb conditional_render=\u00a0\u00bb%5B%7B%22value_role%22%3A%22administrator%22%7D%5D\u00a0\u00bb css_params=\u00a0\u00bb\u00a0\u00bb][\/vc_column][vc_column is_half=\u00a0\u00bbyes\u00a0\u00bb offset=\u00a0\u00bbvc_col-md-6&Prime; css=\u00a0\u00bb.vc_custom_1748946225333{padding-top: 6rem !important;padding-bottom: 6rem !important;}\u00a0\u00bb half_css=\u00a0\u00bbps-lg-6&Prime; conditional_render=\u00a0\u00bb%5B%7B%22value_role%22%3A%22administrator%22%7D%5D\u00a0\u00bb css_params=\u00a0\u00bb\u00a0\u00bb][vc_custom_heading text=\u00a0\u00bbENGRAIS\u00a0\u00bb font_container=\u00a0\u00bbtag:h2|font_size:2.3em|text_align:left|line_height:42px\u00a0\u00bb use_theme_fonts=\u00a0\u00bbyes\u00a0\u00bb font_weight=\u00a0\u00bb700&Prime; animation_delay=\u00a0\u00bb400&Prime; el_class=\u00a0\u00bbmb-4&Prime; animation_type=\u00a0\u00bbfadeInUp\u00a0\u00bb css_params=\u00a0\u00bb\u00a0\u00bb][vc_custom_heading text=\u00a0\u00bbLe gypse pr\u00e9sente plusieurs autres avantages pour les sols, en plus de l\u2019am\u00e9lioration de la structure des sols argileux. Voici quelques-uns des principaux b\u00e9n\u00e9fices suppl\u00e9mentaires.\u00a0\u00bb font_container=\u00a0\u00bbtag:p|font_size:1.1em|text_align:left\u00a0\u00bb use_theme_fonts=\u00a0\u00bbyes\u00a0\u00bb css=\u00a0\u00bb.vc_custom_1748958530935{padding-right: 25px !important;}\u00a0\u00bb animation_delay=\u00a0\u00bb600&Prime; el_class=\u00a0\u00bbpb-2 mb-4&Prime; animation_type=\u00a0\u00bbfadeInUp\u00a0\u00bb css_params=\u00a0\u00bb\u00a0\u00bb][vc_btn title=\u00a0\u00bbEn savoir plus\u00a0\u00bb style=\u00a0\u00bboutline\u00a0\u00bb color=\u00a0\u00bbblack\u00a0\u00bb size=\u00a0\u00bblg\u00a0\u00bb align=\u00a0\u00bbleft\u00a0\u00bb skin=\u00a0\u00bblight\u00a0\u00bb btn_fs=\u00a0\u00bb.8rem\u00a0\u00bb btn_fw=\u00a0\u00bb700&Prime; btn_ls=\u00a0\u00bb2px\u00a0\u00bb el_cls=\u00a0\u00bbcustom-btn-light custom-btn-border\u00a0\u00bb animation_delay=\u00a0\u00bb800&Prime; link=\u00a0\u00bburl:https%3A%2F%2Fgypse180.ca%2Findex.php%2Fengrais%2F|title:Industrie%20de%20la%20plasturgie\u00a0\u00bb btn_px=\u00a0\u00bb48px\u00a0\u00bb btn_py=\u00a0\u00bb21.5px\u00a0\u00bb animation_type=\u00a0\u00bbfadeInUp\u00a0\u00bb el_class=\u00a0\u00bbmb-0&Prime; css_params=\u00a0\u00bb\u00a0\u00bb][\/vc_column][\/vc_row]<\/p>\n<\/div>","protected":false},"excerpt":{"rendered":"<p>[vc_row no_padding=\u00a0\u00bbyes\u00a0\u00bb equal_height=\u00a0\u00bbyes\u00a0\u00bb content_placement=\u00a0\u00bbmiddle\u00a0\u00bb parallax=\u00a0\u00bbcontent-moving\u00a0\u00bb parallax_speed_bg=\u00a0\u00bb\u00a0\u00bb][vc_column parallax=\u00a0\u00bbcontent-moving\u00a0\u00bb parallax_image=\u00a0\u00bb955&Prime; offset=\u00a0\u00bbvc_col-md-6&Prime; el_class=\u00a0\u00bbcustom-parallax-height\u00a0\u00bb conditional_render=\u00a0\u00bb%5B%7B%22value_role%22%3A%22administrator%22%7D%5D\u00a0\u00bb][\/vc_column][vc_column is_half=\u00a0\u00bbyes\u00a0\u00bb is_full_md=\u00a0\u00bbyes\u00a0\u00bb offset=\u00a0\u00bbvc_col-md-6&Prime; css=\u00a0\u00bb.vc_custom_1625363197307{padding-top: 4rem !important;padding-bottom: 4rem !important;}\u00a0\u00bb half_css=\u00a0\u00bbps-lg-6&Prime;][vc_custom_heading text=\u00a0\u00bbLITI\u00c8RE ANIMALE\u00a0\u00bb font_container=\u00a0\u00bbtag:h2|font_size:2.3em|text_align:left|line_height:42px\u00a0\u00bb use_theme_fonts=\u00a0\u00bbyes\u00a0\u00bb font_weight=\u00a0\u00bb700&Prime; animation_delay=\u00a0\u00bb400&Prime; el_class=\u00a0\u00bbmb-4&Prime; animation_type=\u00a0\u00bbfadeInUp\u00a0\u00bb css_params=\u00a0\u00bb\u00a0\u00bb][vc_custom_heading text=\u00a0\u00bbL&rsquo;utilisation du gypse recycl\u00e9 comme liti\u00e8re pour animaux permet de conserver le support cartonn\u00e9 dans le proc\u00e9d\u00e9 de recyclage. Plusieurs \u00e9tudes et essais ont \u00e9t\u00e9 r\u00e9alis\u00e9s [&hellip;]<\/p>\n","protected":false},"author":1,"featured_media":0,"parent":0,"menu_order":0,"comment_status":"closed","ping_status":"closed","template":"","meta":{"_acf_changed":false,"footnotes":""},"class_list":["post-1008","page","type-page","status-publish","hentry"],"acf":[],"_links":{"self":[{"href":"https:\/\/gypse180.ca\/index.php\/wp-json\/wp\/v2\/pages\/1008","targetHints":{"allow":["GET"]}}],"collection":[{"href":"https:\/\/gypse180.ca\/index.php\/wp-json\/wp\/v2\/pages"}],"about":[{"href":"https:\/\/gypse180.ca\/index.php\/wp-json\/wp\/v2\/types\/page"}],"author":[{"embeddable":true,"href":"https:\/\/gypse180.ca\/index.php\/wp-json\/wp\/v2\/users\/1"}],"replies":[{"embeddable":true,"href":"https:\/\/gypse180.ca\/index.php\/wp-json\/wp\/v2\/comments?post=1008"}],"version-history":[{"count":3,"href":"https:\/\/gypse180.ca\/index.php\/wp-json\/wp\/v2\/pages\/1008\/revisions"}],"predecessor-version":[{"id":1024,"href":"https:\/\/gypse180.ca\/index.php\/wp-json\/wp\/v2\/pages\/1008\/revisions\/1024"}],"wp:attachment":[{"href":"https:\/\/gypse180.ca\/index.php\/wp-json\/wp\/v2\/media?parent=1008"}],"curies":[{"name":"wp","href":"https:\/\/api.w.org\/{rel}","templated":true}]}}