{"id":1016,"date":"2025-06-03T13:40:43","date_gmt":"2025-06-03T13:40:43","guid":{"rendered":"https:\/\/gypse180.ca\/?page_id=1016"},"modified":"2025-06-03T13:45:39","modified_gmt":"2025-06-03T13:45:39","slug":"engrais","status":"publish","type":"page","link":"https:\/\/gypse180.ca\/index.php\/engrais\/","title":{"rendered":"Engrais"},"content":{"rendered":"<div class=\"wpb-content-wrapper\"><p>[vc_row wrap_container=\u00a0\u00bbyes\u00a0\u00bb el_class=\u00a0\u00bbjustify-content-center\u00a0\u00bb css=\u00a0\u00bb.vc_custom_1624773826691{margin-top: 36px !important;margin-bottom: 36px !important;padding-top: 36px !important;padding-bottom: 36px !important;}\u00a0\u00bb][vc_column offset=\u00a0\u00bbvc_col-md-7&Prime;][vc_custom_heading text=\u00a0\u00bbENGRAIS\u00a0\u00bb font_container=\u00a0\u00bbtag:h2|font_size:1.35em|text_align:left|line_height:1.6&Prime; use_theme_fonts=\u00a0\u00bbyes\u00a0\u00bb animation_delay=\u00a0\u00bb200&Prime; el_class=\u00a0\u00bbm-b-md\u00a0\u00bb animation_type=\u00a0\u00bbfadeInUp\u00a0\u00bb css_params=\u00a0\u00bb\u00a0\u00bb][vc_custom_heading text=\u00a0\u00bbLe gypse pr\u00e9sente plusieurs autres avantages pour les sols, en plus de<br \/>\nl\u2019am\u00e9lioration de la structure des sols argileux. Voici quelques-uns des principaux<br \/>\nb\u00e9n\u00e9fices suppl\u00e9mentaires.\u00a0\u00bb font_container=\u00a0\u00bbtag:p|font_size:1.35em|text_align:left|line_height:1.6&Prime; use_theme_fonts=\u00a0\u00bbyes\u00a0\u00bb animation_delay=\u00a0\u00bb200&Prime; el_class=\u00a0\u00bbm-b-md\u00a0\u00bb animation_type=\u00a0\u00bbfadeInUp\u00a0\u00bb css_params=\u00a0\u00bb\u00a0\u00bb][vc_column_text css=\u00a0\u00bb\u00a0\u00bb css_params=\u00a0\u00bb\u00a0\u00bb]1. Am\u00e9lioration de la structure du sol :<br \/>\nLe gypse aide \u00e0 r\u00e9duire la compaction des sols, ce qui am\u00e9liore la circulation de<br \/>\nl\u2019air et de l\u2019eau dans le sol. En lib\u00e9rant du calcium, il remplace les ions sodium<br \/>\ndans les sols salins, r\u00e9duisant ainsi la salinit\u00e9 et favorisant la floculation des<br \/>\nparticules d\u2019argile. Cela am\u00e9liore l\u2019infiltration de l\u2019eau et diminue l\u2019\u00e9rosion des<br \/>\nsols.<\/p>\n<p>2. R\u00e9duction de la salinit\u00e9 :<br \/>\nLe gypse est particuli\u00e8rement efficace dans les sols salins ou sodiques. Il remplace les ions sodium qui peuvent s\u2019accumuler et rendre le sol impropre \u00e0 la culture. Le calcium du gypse se lie aux particules d\u2019argile et chasse le sodium, qui peut ensuite \u00eatre lessiv\u00e9 hors du sol par l\u2019eau.<\/p>\n<p>3. Apport de calcium et de soufre :<br \/>\nLe gypse fournit deux nutriments essentiels pour les plantes :<br \/>\n\u2022 Calcium (Ca) : Indispensable pour la croissance des racines, le d\u00e9veloppement<br \/>\ncellulaire et la solidit\u00e9 des parois cellulaires.<br \/>\n\u2022 Soufre (S) : N\u00e9cessaire pour la synth\u00e8se des prot\u00e9ines et des enzymes. Il favorise<br \/>\n\u00e9galement la formation de chlorophylle dans les plantes, am\u00e9liorant ainsi leur<br \/>\ncroissance globale.<\/p>\n<p>4. Am\u00e9lioration de la r\u00e9tention d\u2019eau :<br \/>\nDans les sols sableux, l\u2019ajout de gypse permet d\u2019augmenter la r\u00e9tention d\u2019eau. En<br \/>\nam\u00e9liorant la coh\u00e9sion des particules de sol, le gypse aide \u00e0 retenir davantage<br \/>\nd\u2019eau, ce qui est b\u00e9n\u00e9fique dans les r\u00e9gions arides.<\/p>\n<p>5. Neutralisation des sols acides :<br \/>\nM\u00eame si le gypse n\u2019est pas aussi efficace que la chaux pour augmenter le pH des<br \/>\nsols acides, il peut contribuer \u00e0 am\u00e9liorer la disponibilit\u00e9 du calcium sans \u00e9lever le pH de mani\u00e8re significative. Il est donc particuli\u00e8rement utile dans les sols qui n\u00e9cessitent un apport en calcium sans un changement radical du pH.<\/p>\n<p>6. R\u00e9duction de la toxicit\u00e9 de l\u2019aluminium :<br \/>\nDans les sols acides, l\u2019aluminium peut devenir toxique pour les plantes. Le gypse contribue \u00e0 r\u00e9duire cette toxicit\u00e9 en fournissant du calcium, qui se lie aux ions aluminium libres, emp\u00eachant ainsi leur absorption par les plantes.<\/p>\n<p>7. Am\u00e9lioration de la qualit\u00e9 des eaux de drainage :<br \/>\nEn augmentant la perm\u00e9abilit\u00e9 du sol, le gypse permet un meilleur drainage de<br \/>\nl\u2019eau. Cela peut aider \u00e0 r\u00e9duire le ruissellement, diminuant la pollution des cours d\u2019eau par les nutriments et les particules de sol.<\/p>\n<p>8. R\u00e9gulation de l\u2019acidit\u00e9 des racines profondes :<\/p>\n<p>Le gypse peut aussi p\u00e9n\u00e9trer plus profond\u00e9ment dans le sol par rapport \u00e0 d\u2019autres amendements comme la chaux, ce qui lui permet de neutraliser les couches acides situ\u00e9es en profondeur, favorisant ainsi la croissance des racines dans les couches inf\u00e9rieures du sol.<\/p>\n<p>En somme, le gypse est un excellent amendement polyvalent qui aide non<br \/>\nseulement \u00e0 am\u00e9liorer la structure des sols, mais aussi \u00e0 fournir des nutriments<br \/>\nessentiels et \u00e0 r\u00e9duire les probl\u00e8mes li\u00e9s \u00e0 la salinit\u00e9, \u00e0 l\u2019acidit\u00e9 et \u00e0 la toxicit\u00e9 des<br \/>\nsols[\/vc_column_text][\/vc_column][vc_column offset=\u00a0\u00bbvc_col-md-offset-1 vc_col-md-4&Prime;][vc_single_image image=\u00a0\u00bb1020&Prime; img_size=\u00a0\u00bbfull\u00a0\u00bb alignment=\u00a0\u00bbcenter\u00a0\u00bb css=\u00a0\u00bb\u00a0\u00bb animation_delay=\u00a0\u00bb800&Prime; el_class=\u00a0\u00bbmb-0&Prime; animation_type=\u00a0\u00bbfadeInUp\u00a0\u00bb label=\u00a0\u00bb\u00a0\u00bb css_params=\u00a0\u00bb\u00a0\u00bb][\/vc_column][\/vc_row]<\/p>\n<\/div>","protected":false},"excerpt":{"rendered":"<p>[vc_row wrap_container=\u00a0\u00bbyes\u00a0\u00bb el_class=\u00a0\u00bbjustify-content-center\u00a0\u00bb css=\u00a0\u00bb.vc_custom_1624773826691{margin-top: 36px !important;margin-bottom: 36px !important;padding-top: 36px !important;padding-bottom: 36px !important;}\u00a0\u00bb][vc_column offset=\u00a0\u00bbvc_col-md-7&Prime;][vc_custom_heading text=\u00a0\u00bbENGRAIS\u00a0\u00bb font_container=\u00a0\u00bbtag:h2|font_size:1.35em|text_align:left|line_height:1.6&Prime; use_theme_fonts=\u00a0\u00bbyes\u00a0\u00bb animation_delay=\u00a0\u00bb200&Prime; el_class=\u00a0\u00bbm-b-md\u00a0\u00bb animation_type=\u00a0\u00bbfadeInUp\u00a0\u00bb css_params=\u00a0\u00bb\u00a0\u00bb][vc_custom_heading text=\u00a0\u00bbLe gypse pr\u00e9sente plusieurs autres avantages pour les sols, en plus de l\u2019am\u00e9lioration de la structure des sols argileux. Voici quelques-uns des principaux b\u00e9n\u00e9fices suppl\u00e9mentaires.\u00a0\u00bb font_container=\u00a0\u00bbtag:p|font_size:1.35em|text_align:left|line_height:1.6&Prime; use_theme_fonts=\u00a0\u00bbyes\u00a0\u00bb animation_delay=\u00a0\u00bb200&Prime; el_class=\u00a0\u00bbm-b-md\u00a0\u00bb animation_type=\u00a0\u00bbfadeInUp\u00a0\u00bb css_params=\u00a0\u00bb\u00a0\u00bb][vc_column_text css=\u00a0\u00bb\u00a0\u00bb css_params=\u00a0\u00bb\u00a0\u00bb]1. Am\u00e9lioration de [&hellip;]<\/p>\n","protected":false},"author":1,"featured_media":0,"parent":0,"menu_order":0,"comment_status":"closed","ping_status":"closed","template":"","meta":{"_acf_changed":false,"footnotes":""},"class_list":["post-1016","page","type-page","status-publish","hentry"],"acf":[],"_links":{"self":[{"href":"https:\/\/gypse180.ca\/index.php\/wp-json\/wp\/v2\/pages\/1016","targetHints":{"allow":["GET"]}}],"collection":[{"href":"https:\/\/gypse180.ca\/index.php\/wp-json\/wp\/v2\/pages"}],"about":[{"href":"https:\/\/gypse180.ca\/index.php\/wp-json\/wp\/v2\/types\/page"}],"author":[{"embeddable":true,"href":"https:\/\/gypse180.ca\/index.php\/wp-json\/wp\/v2\/users\/1"}],"replies":[{"embeddable":true,"href":"https:\/\/gypse180.ca\/index.php\/wp-json\/wp\/v2\/comments?post=1016"}],"version-history":[{"count":3,"href":"https:\/\/gypse180.ca\/index.php\/wp-json\/wp\/v2\/pages\/1016\/revisions"}],"predecessor-version":[{"id":1021,"href":"https:\/\/gypse180.ca\/index.php\/wp-json\/wp\/v2\/pages\/1016\/revisions\/1021"}],"wp:attachment":[{"href":"https:\/\/gypse180.ca\/index.php\/wp-json\/wp\/v2\/media?parent=1016"}],"curies":[{"name":"wp","href":"https:\/\/api.w.org\/{rel}","templated":true}]}}