{"id":58,"date":"2017-03-03T08:08:47","date_gmt":"2017-03-03T08:08:47","guid":{"rendered":"http:\/\/sw-themes.com\/porto_dummy\/?page_id=58"},"modified":"2025-06-19T11:30:35","modified_gmt":"2025-06-19T11:30:35","slug":"accueil","status":"publish","type":"page","link":"https:\/\/gypse180.ca\/","title":{"rendered":"Accueil"},"content":{"rendered":"<div class=\"wpb-content-wrapper\"><p>[vc_row full_width=\u00a0\u00bbstretch_row_content_no_spaces\u00a0\u00bb no_padding=\u00a0\u00bbyes\u00a0\u00bb][vc_column]<div class=\"porto-carousel owl-carousel has-ccols ccols-xl-1 ccols-lg-1 ccols-md-1 ccols-sm-1 ccols-1 intro-carousel mb-0 wpb_custom_c86c2fb53cae9eced42d4b8900a042f3 nav-pos-inside nav-style-1 show-nav-hover\" data-plugin-options=\"{&quot;themeConfig&quot;:true,&quot;stagePadding&quot;:0,&quot;margin&quot;:0,&quot;autoplay&quot;:&quot;yes&quot;,&quot;mouseDrag&quot;:false,&quot;touchDrag&quot;:false,&quot;autoplayTimeout&quot;:7000,&quot;autoplayHoverPause&quot;:false,&quot;items&quot;:1,&quot;xl&quot;:1,&quot;lg&quot;:1,&quot;md&quot;:1,&quot;sm&quot;:1,&quot;xs&quot;:1,&quot;nav&quot;:&quot;yes&quot;,&quot;dots&quot;:false,&quot;animateIn&quot;:&quot;fadeIn&quot;,&quot;animateOut&quot;:&quot;&quot;,&quot;loop&quot;:false,&quot;center&quot;:false,&quot;video&quot;:false,&quot;lazyLoad&quot;:false,&quot;fullscreen&quot;:false}\"><div class=\"porto-ibanner interactive-banner-wrap-07dd21040fa50768c9d370ae74e47015 mb-0\" style=\"background:#f4f4f4;\"><div class=\"banner-effect-wrapper\"><div class=\"banner-effect kenBurnsToLeft\" style=\"background-image: url(https:\/\/gypse180.ca\/wp-content\/uploads\/2025\/02\/bg25.png); background-size: cover;background-position: center;animation-duration: 30s;\"><\/div><\/div><img loading=\"lazy\" decoding=\"async\" alt=\"\" width=\"1680\" height=\"1120\" class=\"porto-ibanner-img invisible\" src=\"https:\/\/gypse180.ca\/wp-content\/uploads\/2025\/02\/bg25.png\" srcset=\"https:\/\/gypse180.ca\/wp-content\/uploads\/2025\/02\/bg25.png 1680w, https:\/\/gypse180.ca\/wp-content\/uploads\/2025\/02\/bg25-1024x683.png 1024w, https:\/\/gypse180.ca\/wp-content\/uploads\/2025\/02\/bg25-768x512.png 768w, https:\/\/gypse180.ca\/wp-content\/uploads\/2025\/02\/bg25-1536x1024.png 1536w, https:\/\/gypse180.ca\/wp-content\/uploads\/2025\/02\/bg25-640x427.png 640w, https:\/\/gypse180.ca\/wp-content\/uploads\/2025\/02\/bg25-400x267.png 400w\" sizes=\"auto, (max-width: 1680px) 100vw, 1680px\"><div class=\"porto-ibanner-desc no-padding d-flex\"><div class=\"container\"><div class=\"porto-ibanner-container\"><div class=\"porto-ibanner-layer col-lg-8 col-xl-7 wpb_custom_2c5109c031829f9c54153ed0e6239ff6 banner-pos-355d025a516a461b07ae4ae4f5e1a32c\">[vc_custom_heading text=\u00a0\u00bbRecycler le gypse\u00a0\u00bb font_container=\u00a0\u00bbtag:h3|font_size:1.8em|text_align:right|color:var(&#8211;porto-light-color)|line_height:1.4&Prime; use_theme_fonts=\u00a0\u00bbyes\u00a0\u00bb font_weight=\u00a0\u00bb700&Prime; animation_delay=\u00a0\u00bb800&Prime; el_class=\u00a0\u00bbmb-2&Prime; animation_type=\u00a0\u00bbfadeInUp\u00a0\u00bb css_params=\u00a0\u00bb\u00a0\u00bb][vc_custom_heading text=\u00a0\u00bbc&rsquo;est l&#8217;emp\u00eacher de contaminer les sites d&rsquo;enfouissements\u00a0\u00bb font_container=\u00a0\u00bbtag:h2|font_size:3em|text_align:right|color:var(&#8211;porto-light-color)|line_height:1.2&Prime; use_theme_fonts=\u00a0\u00bbyes\u00a0\u00bb font_weight=\u00a0\u00bb700&Prime; animation_delay=\u00a0\u00bb1100&Prime; el_class=\u00a0\u00bbmb-4&Prime; animation_type=\u00a0\u00bbfadeInUp\u00a0\u00bb css_params=\u00a0\u00bb\u00a0\u00bb][vc_btn title=\u00a0\u00bbEn savoir plus\u00a0\u00bb align=\u00a0\u00bbright\u00a0\u00bb skin=\u00a0\u00bbprimary\u00a0\u00bb btn_fs=\u00a0\u00bb0.8rem\u00a0\u00bb btn_fw=\u00a0\u00bb700&Prime; btn_ls=\u00a0\u00bb2.5px\u00a0\u00bb animation_duration=\u00a0\u00bb1700&Prime; animation_delay=\u00a0\u00bb1400&Prime; link=\u00a0\u00bburl:https%3A%2F%2Fgypse180.ca%2Findex.php%2Fsecteurs%2F|title:Secteurs\u00a0\u00bb animation_type=\u00a0\u00bbfadeInUp\u00a0\u00bb btn_px=\u00a0\u00bb38.4px\u00a0\u00bb btn_py=\u00a0\u00bb20px\u00a0\u00bb css_params=\u00a0\u00bb\u00a0\u00bb]<style>.banner-pos-355d025a516a461b07ae4ae4f5e1a32c {right:0%;left: unset;top: 50%;bottom: unset;transform: translateY(-50%);}<\/style><\/div><\/div><\/div><\/div><\/div><div class=\"porto-ibanner interactive-banner-wrap-07dd21040fa50768c9d370ae74e47015 mb-0\" style=\"background:#f4f4f4;\"><div class=\"banner-effect-wrapper\"><div class=\"banner-effect kenBurnsToLeft\" style=\"background-image: url(https:\/\/gypse180.ca\/wp-content\/uploads\/2025\/02\/bg3.png); background-size: cover;background-position: center;animation-duration: 30s;\"><\/div><\/div><img loading=\"lazy\" decoding=\"async\" alt=\"\" width=\"1344\" height=\"896\" class=\"porto-ibanner-img invisible\" src=\"https:\/\/gypse180.ca\/wp-content\/uploads\/2025\/02\/bg3.png\" srcset=\"https:\/\/gypse180.ca\/wp-content\/uploads\/2025\/02\/bg3.png 1344w, https:\/\/gypse180.ca\/wp-content\/uploads\/2025\/02\/bg3-1024x683.png 1024w, https:\/\/gypse180.ca\/wp-content\/uploads\/2025\/02\/bg3-768x512.png 768w, https:\/\/gypse180.ca\/wp-content\/uploads\/2025\/02\/bg3-640x427.png 640w, https:\/\/gypse180.ca\/wp-content\/uploads\/2025\/02\/bg3-400x267.png 400w\" sizes=\"auto, (max-width: 1344px) 100vw, 1344px\"><div class=\"porto-ibanner-desc no-padding d-flex\"><div class=\"container\"><div class=\"porto-ibanner-container\"><div class=\"porto-ibanner-layer col-lg-8 col-xl-7 wpb_custom_2c5109c031829f9c54153ed0e6239ff6 banner-pos-57ef7464fc7cfe27e7ea8e8102a337ee\">[vc_custom_heading text=\u00a0\u00bbLa revalorisation du gypse\u00a0\u00bb font_container=\u00a0\u00bbtag:h3|font_size:1.8em|text_align:left|color:var(&#8211;porto-light-color)|line_height:1.4&Prime; use_theme_fonts=\u00a0\u00bbyes\u00a0\u00bb font_weight=\u00a0\u00bb700&Prime; animation_delay=\u00a0\u00bb800&Prime; el_class=\u00a0\u00bbmb-2&Prime; animation_type=\u00a0\u00bbfadeInUp\u00a0\u00bb css_params=\u00a0\u00bb\u00a0\u00bb][vc_custom_heading text=\u00a0\u00bbUne \u00e9tape de plus dans nos efforts environnementales.\u00a0\u00bb font_container=\u00a0\u00bbtag:h2|font_size:3em|text_align:left|color:var(&#8211;porto-light-color)|line_height:1.2&Prime; use_theme_fonts=\u00a0\u00bbyes\u00a0\u00bb font_weight=\u00a0\u00bb700&Prime; animation_delay=\u00a0\u00bb1100&Prime; el_class=\u00a0\u00bbmb-4&Prime; animation_type=\u00a0\u00bbfadeInUp\u00a0\u00bb css_params=\u00a0\u00bb\u00a0\u00bb][vc_btn title=\u00a0\u00bbEn savoir plus\u00a0\u00bb align=\u00a0\u00bbleft\u00a0\u00bb skin=\u00a0\u00bbprimary\u00a0\u00bb btn_fs=\u00a0\u00bb0.8rem\u00a0\u00bb btn_fw=\u00a0\u00bb700&Prime; btn_ls=\u00a0\u00bb2.5px\u00a0\u00bb animation_duration=\u00a0\u00bb1700&Prime; animation_delay=\u00a0\u00bb1400&Prime; link=\u00a0\u00bburl:https%3A%2F%2Fgypse180.ca%2Findex.php%2Fsecteurs%2F|title:Engrais\u00a0\u00bb animation_type=\u00a0\u00bbfadeInUp\u00a0\u00bb btn_px=\u00a0\u00bb38.4px\u00a0\u00bb btn_py=\u00a0\u00bb20px\u00a0\u00bb css_params=\u00a0\u00bb\u00a0\u00bb]<style>.banner-pos-57ef7464fc7cfe27e7ea8e8102a337ee {left:0%;right: unset;top: 50%;bottom: unset;transform: translateY(-50%);}<\/style><\/div><\/div><\/div><\/div><\/div><\/div>[\/vc_column][\/vc_row][vc_row wrap_container=\u00a0\u00bbyes\u00a0\u00bb content_placement=\u00a0\u00bbmiddle\u00a0\u00bb css=\u00a0\u00bb.vc_custom_1624653531112{padding-top: 2.4rem !important;padding-bottom: 2.4rem !important;background-color: #212529 !important;}\u00a0\u00bb el_class=\u00a0\u00bbhome-intro\u00a0\u00bb][vc_column animation_delay=\u00a0\u00bb\u00a0\u00bb offset=\u00a0\u00bbvc_col-md-9&Prime; el_class=\u00a0\u00bbpy-2&Prime;][vc_custom_heading text=\u00a0\u00bbParlons affaires\u00a0\u00bb font_container=\u00a0\u00bbtag:h4|font_size:1.65em|text_align:left|line_height:1.4&Prime; use_theme_fonts=\u00a0\u00bbyes\u00a0\u00bb font_weight=\u00a0\u00bb600&Prime; skin=\u00a0\u00bblight\u00a0\u00bb letter_spacing=\u00a0\u00bb-0.5px\u00a0\u00bb el_class=\u00a0\u00bbmb-0&Prime; css_params=\u00a0\u00bb\u00a0\u00bb][vc_custom_heading text=\u00a0\u00bbVous avez des besoins en mati\u00e8re, ou encore vous souhaitez nous fournir de la mati\u00e8re \u00e0 traiter. Communiquez avec nous pour amorcer la discussion.\u00a0\u00bb font_container=\u00a0\u00bbtag:p|font_size:1.1em|text_align:left|color:rgba(255%2C255%2C255%2C0.8)\u00a0\u00bb use_theme_fonts=\u00a0\u00bbyes\u00a0\u00bb font_weight=\u00a0\u00bb300&Prime; letter_spacing=\u00a0\u00bb-0.5px\u00a0\u00bb el_class=\u00a0\u00bbpx-4 px-md-0 mb-3 mx-auto m-lg-0 d-block\u00a0\u00bb css_params=\u00a0\u00bb\u00a0\u00bb][\/vc_column][vc_column animation_delay=\u00a0\u00bb\u00a0\u00bb offset=\u00a0\u00bbvc_col-md-3&Prime; el_class=\u00a0\u00bbpy-2&Prime;][vc_btn title=\u00a0\u00bbContactez-nous !\u00a0\u00bb color=\u00a0\u00bbwhite\u00a0\u00bb size=\u00a0\u00bblg\u00a0\u00bb align=\u00a0\u00bbright\u00a0\u00bb skin=\u00a0\u00bblight\u00a0\u00bb btn_fs=\u00a0\u00bb1em\u00a0\u00bb btn_fw=\u00a0\u00bb700&Prime; btn_ls=\u00a0\u00bb2.5px\u00a0\u00bb el_cls=\u00a0\u00bbcustom-btn-light\u00a0\u00bb animation_delay=\u00a0\u00bb\u00a0\u00bb link=\u00a0\u00bburl:https%3A%2F%2Fgypse180.ca%2Findex.php%2Fcontact%2F|title:Contactez-nous\u00a0\u00bb btn_px=\u00a0\u00bb38.4px\u00a0\u00bb btn_py=\u00a0\u00bb21.5px\u00a0\u00bb el_class=\u00a0\u00bbmb-0&Prime; css_params=\u00a0\u00bb\u00a0\u00bb][\/vc_column][\/vc_row][vc_row no_padding=\u00a0\u00bbyes\u00a0\u00bb equal_height=\u00a0\u00bbyes\u00a0\u00bb content_placement=\u00a0\u00bbmiddle\u00a0\u00bb parallax=\u00a0\u00bbcontent-moving\u00a0\u00bb parallax_speed_bg=\u00a0\u00bb\u00a0\u00bb][vc_column parallax=\u00a0\u00bbcontent-moving\u00a0\u00bb parallax_image=\u00a0\u00bb955&Prime; offset=\u00a0\u00bbvc_col-md-6&Prime; el_class=\u00a0\u00bbcustom-parallax-height\u00a0\u00bb conditional_render=\u00a0\u00bb%5B%7B%22value_role%22%3A%22administrator%22%7D%5D\u00a0\u00bb][\/vc_column][vc_column is_half=\u00a0\u00bbyes\u00a0\u00bb is_full_md=\u00a0\u00bbyes\u00a0\u00bb offset=\u00a0\u00bbvc_col-md-6&Prime; css=\u00a0\u00bb.vc_custom_1625363197307{padding-top: 4rem !important;padding-bottom: 4rem !important;}\u00a0\u00bb half_css=\u00a0\u00bbps-lg-6&Prime;][vc_custom_heading text=\u00a0\u00bbLITI\u00c8RE ANIMALE\u00a0\u00bb font_container=\u00a0\u00bbtag:h2|font_size:2.3em|text_align:left|line_height:42px\u00a0\u00bb use_theme_fonts=\u00a0\u00bbyes\u00a0\u00bb font_weight=\u00a0\u00bb700&Prime; animation_delay=\u00a0\u00bb400&Prime; el_class=\u00a0\u00bbmb-4&Prime; animation_type=\u00a0\u00bbfadeInUp\u00a0\u00bb css_params=\u00a0\u00bb\u00a0\u00bb][vc_custom_heading text=\u00a0\u00bbL&rsquo;utilisation du gypse recycl\u00e9 comme liti\u00e8re pour animaux permet de conserver le support cartonn\u00e9 dans le proc\u00e9d\u00e9 de recyclage. Plusieurs \u00e9tudes et essais ont \u00e9t\u00e9 r\u00e9alis\u00e9s sur les propri\u00e9t\u00e9s du gypse et son potentiel en tant que mat\u00e9riau de liti\u00e8re est fort int\u00e9ressant.\u00a0\u00bb font_container=\u00a0\u00bbtag:p|font_size:1.1em|text_align:left\u00a0\u00bb use_theme_fonts=\u00a0\u00bbyes\u00a0\u00bb animation_delay=\u00a0\u00bb600&Prime; el_class=\u00a0\u00bbpb-2 mb-4&Prime; animation_type=\u00a0\u00bbfadeInUp\u00a0\u00bb css_params=\u00a0\u00bb\u00a0\u00bb][vc_btn title=\u00a0\u00bbEn savoir plus\u00a0\u00bb style=\u00a0\u00bboutline\u00a0\u00bb color=\u00a0\u00bbgreen\u00a0\u00bb size=\u00a0\u00bblg\u00a0\u00bb align=\u00a0\u00bbleft\u00a0\u00bb skin=\u00a0\u00bblight\u00a0\u00bb btn_fs=\u00a0\u00bb.8rem\u00a0\u00bb btn_fw=\u00a0\u00bb700&Prime; btn_ls=\u00a0\u00bb2px\u00a0\u00bb el_cls=\u00a0\u00bbcustom-btn-light custom-btn-border\u00a0\u00bb animation_delay=\u00a0\u00bb800&Prime; link=\u00a0\u00bburl:https%3A%2F%2Fgypse180.ca%2Findex.php%2Flitiere-animale%2F|title:Liti%C3%A8re%20animale\u00a0\u00bb btn_px=\u00a0\u00bb48px\u00a0\u00bb btn_py=\u00a0\u00bb21.5px\u00a0\u00bb animation_type=\u00a0\u00bbfadeInUp\u00a0\u00bb el_class=\u00a0\u00bbmb-0&Prime; css_params=\u00a0\u00bb\u00a0\u00bb][\/vc_column][\/vc_row][vc_row no_padding=\u00a0\u00bbyes\u00a0\u00bb equal_height=\u00a0\u00bbyes\u00a0\u00bb content_placement=\u00a0\u00bbmiddle\u00a0\u00bb parallax=\u00a0\u00bbcontent-moving\u00a0\u00bb parallax_speed_bg=\u00a0\u00bb\u00a0\u00bb][vc_column parallax=\u00a0\u00bbcontent-moving\u00a0\u00bb parallax_image=\u00a0\u00bb989&Prime; offset=\u00a0\u00bbvc_col-md-6&Prime; el_class=\u00a0\u00bbcustom-parallax-height order-lg-1&Prime; conditional_render=\u00a0\u00bb%5B%7B%22value_role%22%3A%22administrator%22%7D%5D\u00a0\u00bb css_params=\u00a0\u00bb\u00a0\u00bb css=\u00a0\u00bb.vc_custom_1748945140305{padding: 100px !important;}\u00a0\u00bb][\/vc_column][vc_column is_half=\u00a0\u00bbyes\u00a0\u00bb is_half_right=\u00a0\u00bbyes\u00a0\u00bb is_full_md=\u00a0\u00bbyes\u00a0\u00bb offset=\u00a0\u00bbvc_col-md-6&Prime; css=\u00a0\u00bb.vc_custom_1748945249219{padding: 6rem !important;}\u00a0\u00bb half_css=\u00a0\u00bbpe-lg-5&Prime; conditional_render=\u00a0\u00bb%5B%7B%22value_role%22%3A%22administrator%22%7D%5D\u00a0\u00bb css_params=\u00a0\u00bb\u00a0\u00bb][vc_custom_heading text=\u00a0\u00bbINDUSTRIE CIMENTI\u00c8RE\u00a0\u00bb font_container=\u00a0\u00bbtag:h2|font_size:2.3em|text_align:left|line_height:42px\u00a0\u00bb use_theme_fonts=\u00a0\u00bbyes\u00a0\u00bb font_weight=\u00a0\u00bb700&Prime; animation_delay=\u00a0\u00bb400&Prime; el_class=\u00a0\u00bbmb-4&Prime; animation_type=\u00a0\u00bbfadeInUp\u00a0\u00bb css_params=\u00a0\u00bb\u00a0\u00bb][vc_custom_heading text=\u00a0\u00bbLe gypse recycl\u00e9 joue un r\u00f4le important dans l&rsquo;industrie cimenti\u00e8re, principalement en tant qu&rsquo;additif. Voici quelques points cl\u00e9s concernant son utilisation\u00a0\u00bb font_container=\u00a0\u00bbtag:p|font_size:1.1em|text_align:left\u00a0\u00bb use_theme_fonts=\u00a0\u00bbyes\u00a0\u00bb animation_delay=\u00a0\u00bb600&Prime; el_class=\u00a0\u00bbpb-2 mb-4&Prime; animation_type=\u00a0\u00bbfadeInUp\u00a0\u00bb css_params=\u00a0\u00bb\u00a0\u00bb][vc_btn title=\u00a0\u00bbEn savoir plus\u00a0\u00bb style=\u00a0\u00bboutline\u00a0\u00bb color=\u00a0\u00bbblack\u00a0\u00bb size=\u00a0\u00bblg\u00a0\u00bb align=\u00a0\u00bbleft\u00a0\u00bb skin=\u00a0\u00bblight\u00a0\u00bb btn_fs=\u00a0\u00bb.8rem\u00a0\u00bb btn_fw=\u00a0\u00bb700&Prime; btn_ls=\u00a0\u00bb2px\u00a0\u00bb el_cls=\u00a0\u00bbcustom-btn-light custom-btn-border\u00a0\u00bb animation_delay=\u00a0\u00bb800&Prime; link=\u00a0\u00bburl:https%3A%2F%2Fgypse180.ca%2Findex.php%2Findustrie-cimentiere%2F|title:Industrie%20cimenti%C3%A8re\u00a0\u00bb btn_px=\u00a0\u00bb48px\u00a0\u00bb btn_py=\u00a0\u00bb21.5px\u00a0\u00bb animation_type=\u00a0\u00bbfadeInUp\u00a0\u00bb el_class=\u00a0\u00bbmb-0&Prime; css_params=\u00a0\u00bb\u00a0\u00bb][\/vc_column][\/vc_row][vc_row no_padding=\u00a0\u00bbyes\u00a0\u00bb equal_height=\u00a0\u00bbyes\u00a0\u00bb content_placement=\u00a0\u00bbmiddle\u00a0\u00bb parallax=\u00a0\u00bbcontent-moving\u00a0\u00bb parallax_speed_bg=\u00a0\u00bb\u00a0\u00bb][vc_column parallax=\u00a0\u00bbcontent-moving\u00a0\u00bb parallax_image=\u00a0\u00bb1020&Prime; offset=\u00a0\u00bbvc_col-md-6&Prime; el_class=\u00a0\u00bbcustom-parallax-height\u00a0\u00bb conditional_render=\u00a0\u00bb%5B%7B%22value_role%22%3A%22administrator%22%7D%5D\u00a0\u00bb css_params=\u00a0\u00bb\u00a0\u00bb][\/vc_column][vc_column is_half=\u00a0\u00bbyes\u00a0\u00bb offset=\u00a0\u00bbvc_col-md-6&Prime; css=\u00a0\u00bb.vc_custom_1748946225333{padding-top: 6rem !important;padding-bottom: 6rem !important;}\u00a0\u00bb half_css=\u00a0\u00bbps-lg-6&Prime; conditional_render=\u00a0\u00bb%5B%7B%22value_role%22%3A%22administrator%22%7D%5D\u00a0\u00bb css_params=\u00a0\u00bb\u00a0\u00bb][vc_custom_heading text=\u00a0\u00bbENGRAIS\u00a0\u00bb font_container=\u00a0\u00bbtag:h2|font_size:2.3em|text_align:left|line_height:42px\u00a0\u00bb use_theme_fonts=\u00a0\u00bbyes\u00a0\u00bb font_weight=\u00a0\u00bb700&Prime; animation_delay=\u00a0\u00bb400&Prime; el_class=\u00a0\u00bbmb-4&Prime; animation_type=\u00a0\u00bbfadeInUp\u00a0\u00bb css_params=\u00a0\u00bb\u00a0\u00bb][vc_custom_heading text=\u00a0\u00bbLe gypse pr\u00e9sente plusieurs autres avantages pour les sols, en plus de l\u2019am\u00e9lioration de la structure des sols argileux. Voici quelques-uns des principaux b\u00e9n\u00e9fices suppl\u00e9mentaires.\u00a0\u00bb font_container=\u00a0\u00bbtag:p|font_size:1.1em|text_align:left\u00a0\u00bb use_theme_fonts=\u00a0\u00bbyes\u00a0\u00bb css=\u00a0\u00bb.vc_custom_1748958450190{padding-right: 25px !important;}\u00a0\u00bb animation_delay=\u00a0\u00bb600&Prime; el_class=\u00a0\u00bbpb-2 mb-4&Prime; animation_type=\u00a0\u00bbfadeInUp\u00a0\u00bb css_params=\u00a0\u00bb\u00a0\u00bb][vc_btn title=\u00a0\u00bbEn savoir plus\u00a0\u00bb style=\u00a0\u00bboutline\u00a0\u00bb color=\u00a0\u00bbblack\u00a0\u00bb size=\u00a0\u00bblg\u00a0\u00bb align=\u00a0\u00bbleft\u00a0\u00bb skin=\u00a0\u00bblight\u00a0\u00bb btn_fs=\u00a0\u00bb.8rem\u00a0\u00bb btn_fw=\u00a0\u00bb700&Prime; btn_ls=\u00a0\u00bb2px\u00a0\u00bb el_cls=\u00a0\u00bbcustom-btn-light custom-btn-border\u00a0\u00bb animation_delay=\u00a0\u00bb800&Prime; link=\u00a0\u00bburl:https%3A%2F%2Fgypse180.ca%2Findex.php%2Fengrais%2F|title:Engrais\u00a0\u00bb btn_px=\u00a0\u00bb48px\u00a0\u00bb btn_py=\u00a0\u00bb21.5px\u00a0\u00bb animation_type=\u00a0\u00bbfadeInUp\u00a0\u00bb el_class=\u00a0\u00bbmb-0&Prime; css_params=\u00a0\u00bb\u00a0\u00bb][\/vc_column][\/vc_row]<\/p>\n<\/div>","protected":false},"excerpt":{"rendered":"<p>[vc_row full_width=\u00a0\u00bbstretch_row_content_no_spaces\u00a0\u00bb no_padding=\u00a0\u00bbyes\u00a0\u00bb][vc_column][\/vc_column][\/vc_row][vc_row wrap_container=\u00a0\u00bbyes\u00a0\u00bb content_placement=\u00a0\u00bbmiddle\u00a0\u00bb css=\u00a0\u00bb.vc_custom_1624653531112{padding-top: 2.4rem !important;padding-bottom: 2.4rem !important;background-color: #212529 !important;}\u00a0\u00bb el_class=\u00a0\u00bbhome-intro\u00a0\u00bb][vc_column animation_delay=\u00a0\u00bb\u00a0\u00bb offset=\u00a0\u00bbvc_col-md-9&Prime; el_class=\u00a0\u00bbpy-2&Prime;][vc_custom_heading text=\u00a0\u00bbParlons affaires\u00a0\u00bb font_container=\u00a0\u00bbtag:h4|font_size:1.65em|text_align:left|line_height:1.4&Prime; use_theme_fonts=\u00a0\u00bbyes\u00a0\u00bb font_weight=\u00a0\u00bb600&Prime; skin=\u00a0\u00bblight\u00a0\u00bb letter_spacing=\u00a0\u00bb-0.5px\u00a0\u00bb el_class=\u00a0\u00bbmb-0&Prime; css_params=\u00a0\u00bb\u00a0\u00bb][vc_custom_heading text=\u00a0\u00bbVous avez des besoins en mati\u00e8re, ou encore vous souhaitez nous fournir de la mati\u00e8re \u00e0 traiter. Communiquez avec nous pour amorcer la discussion.\u00a0\u00bb font_container=\u00a0\u00bbtag:p|font_size:1.1em|text_align:left|color:rgba(255%2C255%2C255%2C0.8)\u00a0\u00bb use_theme_fonts=\u00a0\u00bbyes\u00a0\u00bb font_weight=\u00a0\u00bb300&Prime; letter_spacing=\u00a0\u00bb-0.5px\u00a0\u00bb el_class=\u00a0\u00bbpx-4 px-md-0 [&hellip;]<\/p>\n","protected":false},"author":1,"featured_media":0,"parent":0,"menu_order":0,"comment_status":"closed","ping_status":"closed","template":"","meta":{"_acf_changed":false,"footnotes":""},"class_list":["post-58","page","type-page","status-publish","hentry"],"acf":[],"_links":{"self":[{"href":"https:\/\/gypse180.ca\/index.php\/wp-json\/wp\/v2\/pages\/58","targetHints":{"allow":["GET"]}}],"collection":[{"href":"https:\/\/gypse180.ca\/index.php\/wp-json\/wp\/v2\/pages"}],"about":[{"href":"https:\/\/gypse180.ca\/index.php\/wp-json\/wp\/v2\/types\/page"}],"author":[{"embeddable":true,"href":"https:\/\/gypse180.ca\/index.php\/wp-json\/wp\/v2\/users\/1"}],"replies":[{"embeddable":true,"href":"https:\/\/gypse180.ca\/index.php\/wp-json\/wp\/v2\/comments?post=58"}],"version-history":[{"count":42,"href":"https:\/\/gypse180.ca\/index.php\/wp-json\/wp\/v2\/pages\/58\/revisions"}],"predecessor-version":[{"id":1032,"href":"https:\/\/gypse180.ca\/index.php\/wp-json\/wp\/v2\/pages\/58\/revisions\/1032"}],"wp:attachment":[{"href":"https:\/\/gypse180.ca\/index.php\/wp-json\/wp\/v2\/media?parent=58"}],"curies":[{"name":"wp","href":"https:\/\/api.w.org\/{rel}","templated":true}]}}