{"id":89,"date":"2017-03-03T21:15:53","date_gmt":"2017-03-03T21:15:53","guid":{"rendered":"http:\/\/sw-themes.com\/porto_dummy\/?page_id=89"},"modified":"2025-06-19T10:54:02","modified_gmt":"2025-06-19T10:54:02","slug":"entreprise","status":"publish","type":"page","link":"https:\/\/gypse180.ca\/index.php\/entreprise\/","title":{"rendered":"Qui sommes-nous ?"},"content":{"rendered":"<div class=\"wpb-content-wrapper\"><p>[vc_row wrap_container=\u00a0\u00bbyes\u00a0\u00bb el_class=\u00a0\u00bbjustify-content-center\u00a0\u00bb css=\u00a0\u00bb.vc_custom_1624773826691{margin-top: 36px !important;margin-bottom: 36px !important;padding-top: 36px !important;padding-bottom: 36px !important;}\u00a0\u00bb][vc_column offset=\u00a0\u00bbvc_col-md-7&Prime;][vc_custom_heading text=\u00a0\u00bbGYPSE 180 a \u00e9t\u00e9 cr\u00e9e r\u00e9cemment et sera op\u00e9rationnel dans quelques mois dans la r\u00e9gion de la Mauricie. L\u2019activit\u00e9 principale de l\u2019entreprise sera de trier et valoriser les d\u00e9chets \u00e0 base de gypse des professionnels, entreprises du b\u00e2timent, industriel, et des centres de tri des collectivit\u00e9s provinciales.\u00a0\u00bb font_container=\u00a0\u00bbtag:p|font_size:1.35em|text_align:left|line_height:1.6&Prime; use_theme_fonts=\u00a0\u00bbyes\u00a0\u00bb animation_delay=\u00a0\u00bb200&Prime; el_class=\u00a0\u00bbm-b-md\u00a0\u00bb animation_type=\u00a0\u00bbfadeInUp\u00a0\u00bb css_params=\u00a0\u00bb\u00a0\u00bb][vc_custom_heading text=\u00a0\u00bbLe recyclage des d\u00e9chets de gypse consiste en la r\u00e9cup\u00e9ration du gypse contenu dans les d\u00e9chets en le s\u00e9parant des autres mat\u00e9riaux, particuli\u00e8rement le support cartonn\u00e9, de fa\u00e7on \u00e0 le r\u00e9incorporer dans le processus de fabrication du ciment et des certains produits de l\u2019industrie pl\u00e2tri\u00e8re. Le gypse est un mat\u00e9riau  totalement et ind\u00e9finiment recyclable.\u00a0\u00bb font_container=\u00a0\u00bbtag:p|font_size:1.1em|text_align:left\u00a0\u00bb use_theme_fonts=\u00a0\u00bbyes\u00a0\u00bb animation_delay=\u00a0\u00bb400&Prime; el_class=\u00a0\u00bbm-b-md\u00a0\u00bb animation_type=\u00a0\u00bbfadeInUp\u00a0\u00bb css_params=\u00a0\u00bb\u00a0\u00bb][vc_custom_heading text=\u00a0\u00bbNe pas gaspiller et recycler le gypse permet d\u2019entrer dans une \u00e9conomie circulaire et de transition \u00e9cologique, de limiter les \u00e9missions nocives et les lixiviats polluants des sites d\u2019enfouissements et d\u2019allonger leur cycle de vie.\u00a0\u00bb font_container=\u00a0\u00bbtag:p|font_size:1.1em|text_align:left|color:var(&#8211;porto-primary-color)\u00a0\u00bb use_theme_fonts=\u00a0\u00bbyes\u00a0\u00bb animation_delay=\u00a0\u00bb600&Prime; el_class=\u00a0\u00bbmb-4 mb-lg-0&Prime; animation_type=\u00a0\u00bbfadeInUp\u00a0\u00bb css_params=\u00a0\u00bb\u00a0\u00bb][\/vc_column][vc_column offset=\u00a0\u00bbvc_col-md-offset-1 vc_col-md-4&Prime;][vc_single_image image=\u00a0\u00bb1014&Prime; img_size=\u00a0\u00bbfull\u00a0\u00bb alignment=\u00a0\u00bbcenter\u00a0\u00bb css=\u00a0\u00bb\u00a0\u00bb animation_delay=\u00a0\u00bb800&Prime; el_class=\u00a0\u00bbmb-0&Prime; animation_type=\u00a0\u00bbfadeInUp\u00a0\u00bb css_params=\u00a0\u00bb\u00a0\u00bb][\/vc_column][\/vc_row][vc_row wrap_container=\u00a0\u00bbyes\u00a0\u00bb css=\u00a0\u00bb.vc_custom_1624683317996{padding-top: 50px !important;padding-bottom: 50px !important;}\u00a0\u00bb el_class=\u00a0\u00bbbg-color-grey-scale-1 mb-0&Prime;][vc_column el_class=\u00a0\u00bbpt-5 pb-3&Prime;][vc_custom_heading text=\u00a0\u00bb3 \u00c9tapes faciles\u00a0\u00bb font_container=\u00a0\u00bbtag:h1|font_size:1.2em|text_align:center|color:%23777777|line_height:1&Prime; use_theme_fonts=\u00a0\u00bbyes\u00a0\u00bb font_weight=\u00a0\u00bb700&Prime; letter_spacing=\u00a0\u00bb0&Prime; animation_delay=\u00a0\u00bb\u00a0\u00bb el_class=\u00a0\u00bbmb-1&Prime; css_params=\u00a0\u00bb\u00a0\u00bb][vc_row_inner el_class=\u00a0\u00bbprocess justify-content-center pt-4&Prime;][vc_column_inner el_class=\u00a0\u00bbprocess-step mb-5 mb-lg-4&Prime; width=\u00a0\u00bb3\/4&Prime; animation_delay=\u00a0\u00bb200&Prime; offset=\u00a0\u00bbvc_col-md-4&Prime; animation_type=\u00a0\u00bbfadeInUp\u00a0\u00bb]<div class=\"porto-ultimate-content-box-container process-step-circle mb-3 mx-auto porto_ucb_21b6bf01188be9ba0119a2cb5c097588\"><style>.porto_ucb_21b6bf01188be9ba0119a2cb5c097588{will-change: box-shadow;box-shadow: none;}.porto_ucb_21b6bf01188be9ba0119a2cb5c097588:hover{box-shadow:none}<\/style><div class=\"porto-ultimate-content-box\" style=\"\"><\/div><\/div><div class=\"porto-u-heading process-step-content px-4 mb-0  wpb_custom_0ea606c7cc09b758920ea0cb4610274d porto-u-55ca8359258f9a412be7e73af65d2aac \"><div class=\"porto-u-main-heading\"><h4   style=\"margin-bottom: 12px;\">Prise de contact<\/h4><\/div><style>.porto-u-55ca8359258f9a412be7e73af65d2aac.porto-u-heading{text-align:center}<\/style><\/div>[\/vc_column_inner][vc_column_inner el_class=\u00a0\u00bbprocess-step mb-5 mb-lg-4&Prime; width=\u00a0\u00bb3\/4&Prime; animation_delay=\u00a0\u00bb400&Prime; offset=\u00a0\u00bbvc_col-md-4&Prime; animation_type=\u00a0\u00bbfadeInUp\u00a0\u00bb]<div class=\"porto-ultimate-content-box-container process-step-circle mb-3 mx-auto porto_ucb_21b6bf01188be9ba0119a2cb5c097588\"><style>.porto_ucb_21b6bf01188be9ba0119a2cb5c097588{will-change: box-shadow;box-shadow: none;}.porto_ucb_21b6bf01188be9ba0119a2cb5c097588:hover{box-shadow:none}<\/style><div class=\"porto-ultimate-content-box\" style=\"\"><\/div><\/div><div class=\"porto-u-heading process-step-content px-4 mb-0  wpb_custom_0ea606c7cc09b758920ea0cb4610274d porto-u-55ca8359258f9a412be7e73af65d2aac \"><div class=\"porto-u-main-heading\"><h4   style=\"margin-bottom: 12px;\">R\u00e9cup\u00e9ration<\/h4><\/div><style>.porto-u-55ca8359258f9a412be7e73af65d2aac.porto-u-heading{text-align:center}<\/style><\/div>[\/vc_column_inner][vc_column_inner el_class=\u00a0\u00bbprocess-step mb-5 mb-lg-4&Prime; width=\u00a0\u00bb3\/4&Prime; animation_delay=\u00a0\u00bb600&Prime; offset=\u00a0\u00bbvc_col-md-4&Prime; animation_type=\u00a0\u00bbfadeInUp\u00a0\u00bb]<div class=\"porto-ultimate-content-box-container process-step-circle mb-3 mx-auto porto_ucb_21b6bf01188be9ba0119a2cb5c097588\"><style>.porto_ucb_21b6bf01188be9ba0119a2cb5c097588{will-change: box-shadow;box-shadow: none;}.porto_ucb_21b6bf01188be9ba0119a2cb5c097588:hover{box-shadow:none}<\/style><div class=\"porto-ultimate-content-box\" style=\"\"><\/div><\/div><div class=\"porto-u-heading process-step-content px-4 mb-0  wpb_custom_0ea606c7cc09b758920ea0cb4610274d porto-u-55ca8359258f9a412be7e73af65d2aac \"><div class=\"porto-u-main-heading\"><h4   style=\"margin-bottom: 12px;\">Transformation<\/h4><\/div><style>.porto-u-55ca8359258f9a412be7e73af65d2aac.porto-u-heading{text-align:center}<\/style><\/div>[\/vc_column_inner][\/vc_row_inner][\/vc_column][\/vc_row]<\/p>\n<\/div>","protected":false},"excerpt":{"rendered":"<p>[vc_row wrap_container=\u00a0\u00bbyes\u00a0\u00bb el_class=\u00a0\u00bbjustify-content-center\u00a0\u00bb css=\u00a0\u00bb.vc_custom_1624773826691{margin-top: 36px !important;margin-bottom: 36px !important;padding-top: 36px !important;padding-bottom: 36px !important;}\u00a0\u00bb][vc_column offset=\u00a0\u00bbvc_col-md-7&Prime;][vc_custom_heading text=\u00a0\u00bbGYPSE 180 a \u00e9t\u00e9 cr\u00e9e r\u00e9cemment et sera op\u00e9rationnel dans quelques mois dans la r\u00e9gion de la Mauricie. L\u2019activit\u00e9 principale de l\u2019entreprise sera de trier et valoriser les d\u00e9chets \u00e0 base de gypse des professionnels, entreprises du b\u00e2timent, industriel, et des centres [&hellip;]<\/p>\n","protected":false},"author":1,"featured_media":0,"parent":0,"menu_order":0,"comment_status":"closed","ping_status":"closed","template":"","meta":{"_acf_changed":false,"footnotes":""},"class_list":["post-89","page","type-page","status-publish","hentry"],"acf":[],"_links":{"self":[{"href":"https:\/\/gypse180.ca\/index.php\/wp-json\/wp\/v2\/pages\/89","targetHints":{"allow":["GET"]}}],"collection":[{"href":"https:\/\/gypse180.ca\/index.php\/wp-json\/wp\/v2\/pages"}],"about":[{"href":"https:\/\/gypse180.ca\/index.php\/wp-json\/wp\/v2\/types\/page"}],"author":[{"embeddable":true,"href":"https:\/\/gypse180.ca\/index.php\/wp-json\/wp\/v2\/users\/1"}],"replies":[{"embeddable":true,"href":"https:\/\/gypse180.ca\/index.php\/wp-json\/wp\/v2\/comments?post=89"}],"version-history":[{"count":6,"href":"https:\/\/gypse180.ca\/index.php\/wp-json\/wp\/v2\/pages\/89\/revisions"}],"predecessor-version":[{"id":1028,"href":"https:\/\/gypse180.ca\/index.php\/wp-json\/wp\/v2\/pages\/89\/revisions\/1028"}],"wp:attachment":[{"href":"https:\/\/gypse180.ca\/index.php\/wp-json\/wp\/v2\/media?parent=89"}],"curies":[{"name":"wp","href":"https:\/\/api.w.org\/{rel}","templated":true}]}}