{"id":984,"date":"2025-06-03T09:55:18","date_gmt":"2025-06-03T09:55:18","guid":{"rendered":"https:\/\/gypse180.ca\/?page_id=984"},"modified":"2025-06-03T10:29:18","modified_gmt":"2025-06-03T10:29:18","slug":"litiere-animale","status":"publish","type":"page","link":"https:\/\/gypse180.ca\/index.php\/litiere-animale\/","title":{"rendered":"Liti\u00e8re animale"},"content":{"rendered":"<div class=\"wpb-content-wrapper\"><p>[vc_row wrap_container=\u00a0\u00bbyes\u00a0\u00bb el_class=\u00a0\u00bbjustify-content-center\u00a0\u00bb css=\u00a0\u00bb.vc_custom_1624773826691{margin-top: 36px !important;margin-bottom: 36px !important;padding-top: 36px !important;padding-bottom: 36px !important;}\u00a0\u00bb][vc_column offset=\u00a0\u00bbvc_col-md-7&Prime;][vc_custom_heading text=\u00a0\u00bbLITI\u00c8RE ANIMALE\u00a0\u00bb font_container=\u00a0\u00bbtag:h2|font_size:1.35em|text_align:left|line_height:1.6&Prime; use_theme_fonts=\u00a0\u00bbyes\u00a0\u00bb animation_delay=\u00a0\u00bb200&Prime; el_class=\u00a0\u00bbm-b-md\u00a0\u00bb animation_type=\u00a0\u00bbfadeInUp\u00a0\u00bb css_params=\u00a0\u00bb\u00a0\u00bb][vc_custom_heading text=\u00a0\u00bbL&rsquo;utilisation du gypse recycl\u00e9 comme liti\u00e8re pour animaux permet de conserver le support cartonn\u00e9 dans le proc\u00e9d\u00e9 de recyclage. Plusieurs \u00e9tudes et essais ont \u00e9t\u00e9 r\u00e9alis\u00e9s sur les propri\u00e9t\u00e9s du gypse et son potentiel en tant que mat\u00e9riau de liti\u00e8re est fort int\u00e9ressant.\u00a0\u00bb font_container=\u00a0\u00bbtag:p|font_size:1.35em|text_align:left|line_height:1.6&Prime; use_theme_fonts=\u00a0\u00bbyes\u00a0\u00bb animation_delay=\u00a0\u00bb200&Prime; el_class=\u00a0\u00bbm-b-md\u00a0\u00bb animation_type=\u00a0\u00bbfadeInUp\u00a0\u00bb css_params=\u00a0\u00bb\u00a0\u00bb][vc_column_text css=\u00a0\u00bb\u00a0\u00bb css_params=\u00a0\u00bb\u00a0\u00bb]<b>Bases de donn\u00e9es acad\u00e9miques<\/b><span style=\"font-weight: 400;\">\u00a0: Consultez des bases de donn\u00e9es comme Google Scholar, PubMed, ou ScienceDirect en utilisant des mots-cl\u00e9s tels que \u00ab\u00a0gypsum recycling animal litter\u00a0\u00bb ou \u00ab\u00a0recycled gypsum pet litter\u00a0\u00bb.-<\/span><\/p>\n<ul>\n<li style=\"font-weight: 400;\" aria-level=\"1\"><span style=\"font-weight: 400;\">La liti\u00e8re pour animaux \u00e0 base de gypse recycl\u00e9 est une option int\u00e9ressante et \u00e9cologique. Le gypse, un mat\u00e9riau naturel, peut \u00eatre recycl\u00e9 pour cr\u00e9er une liti\u00e8re absorbante et respectueuse de l&rsquo;environnement. Ce type de liti\u00e8re pr\u00e9sente plusieurs avantages :<\/span><\/li>\n<\/ul>\n<ol>\n<li style=\"font-weight: 400;\" aria-level=\"2\"><span style=\"font-weight: 400;\"><strong>Absorption<\/strong> : Le gypse a de bonnes propri\u00e9t\u00e9s d&rsquo;absorption, ce qui aide \u00e0 contr\u00f4ler l&rsquo;humidit\u00e9 et les odeurs.<\/span><\/li>\n<li style=\"font-weight: 400;\" aria-level=\"2\"><span style=\"font-weight: 400;\"><strong>\u00c9cologique<\/strong>\u00a0: En utilisant du gypse recycl\u00e9, on contribue \u00e0 r\u00e9duire les d\u00e9chets et \u00e0 promouvoir une utilisation durable des ressources.<\/span><\/li>\n<li style=\"font-weight: 400;\" aria-level=\"2\"><span style=\"font-weight: 400;\"><strong>Non toxique<\/strong> : Le gypse est g\u00e9n\u00e9ralement consid\u00e9r\u00e9 comme s\u00fbr pour les animaux, ce qui en fait un choix appropri\u00e9 pour les chats, d\u2019autres petits animaux et en particulier les animaux de ferme.<\/span><\/li>\n<li style=\"font-weight: 400;\" aria-level=\"2\"><b>Facilit\u00e9 d&rsquo;entretien<\/b><span style=\"font-weight: 400;\">\u00a0: Ce type de liti\u00e8re peut \u00eatre facile \u00e0 nettoyer et \u00e0 remplacer, ce qui est un avantage pour les propri\u00e9taires d\u2019animaux.<\/span><\/li>\n<li style=\"font-weight: 400;\" aria-level=\"2\"><span style=\"font-weight: 400;\"><strong>Amendement au sol<\/strong> : L&rsquo;utilisation de lisier \u00e0 base de gypse recycl\u00e9 comme amendement peut enrichir le sol en nutriments essentiels, am\u00e9liorer sa texture et sa capacit\u00e9 \u00e0 retenir l\u2019humidit\u00e9 . Ce type de lisier apporte des nutriments essentiels, comme le calcium et le soufre, qui sont b\u00e9n\u00e9fiques pour la croissance des plantes. De plus, son utilisation contribue \u00e0 am\u00e9liorer la structure du sol, favorisant ainsi la r\u00e9tention d&rsquo;eau et l\u2019a\u00e9ration.<\/span><\/li>\n<\/ol>\n<p>[\/vc_column_text][\/vc_column][vc_column offset=\u00a0\u00bbvc_col-md-offset-1 vc_col-md-4&Prime;][vc_single_image image=\u00a0\u00bb955&Prime; img_size=\u00a0\u00bbfull\u00a0\u00bb alignment=\u00a0\u00bbcenter\u00a0\u00bb css=\u00a0\u00bb\u00a0\u00bb animation_delay=\u00a0\u00bb800&Prime; el_class=\u00a0\u00bbmb-0&Prime; animation_type=\u00a0\u00bbfadeInUp\u00a0\u00bb css_params=\u00a0\u00bb\u00a0\u00bb][\/vc_column][\/vc_row]<\/p>\n<\/div>","protected":false},"excerpt":{"rendered":"<p>[vc_row wrap_container=\u00a0\u00bbyes\u00a0\u00bb el_class=\u00a0\u00bbjustify-content-center\u00a0\u00bb css=\u00a0\u00bb.vc_custom_1624773826691{margin-top: 36px !important;margin-bottom: 36px !important;padding-top: 36px !important;padding-bottom: 36px !important;}\u00a0\u00bb][vc_column offset=\u00a0\u00bbvc_col-md-7&Prime;][vc_custom_heading text=\u00a0\u00bbLITI\u00c8RE ANIMALE\u00a0\u00bb font_container=\u00a0\u00bbtag:h2|font_size:1.35em|text_align:left|line_height:1.6&Prime; use_theme_fonts=\u00a0\u00bbyes\u00a0\u00bb animation_delay=\u00a0\u00bb200&Prime; el_class=\u00a0\u00bbm-b-md\u00a0\u00bb animation_type=\u00a0\u00bbfadeInUp\u00a0\u00bb css_params=\u00a0\u00bb\u00a0\u00bb][vc_custom_heading text=\u00a0\u00bbL&rsquo;utilisation du gypse recycl\u00e9 comme liti\u00e8re pour animaux permet de conserver le support cartonn\u00e9 dans le proc\u00e9d\u00e9 de recyclage. Plusieurs \u00e9tudes et essais ont \u00e9t\u00e9 r\u00e9alis\u00e9s sur les propri\u00e9t\u00e9s du gypse et son potentiel [&hellip;]<\/p>\n","protected":false},"author":1,"featured_media":0,"parent":0,"menu_order":0,"comment_status":"closed","ping_status":"closed","template":"","meta":{"_acf_changed":false,"footnotes":""},"class_list":["post-984","page","type-page","status-publish","hentry"],"acf":[],"_links":{"self":[{"href":"https:\/\/gypse180.ca\/index.php\/wp-json\/wp\/v2\/pages\/984","targetHints":{"allow":["GET"]}}],"collection":[{"href":"https:\/\/gypse180.ca\/index.php\/wp-json\/wp\/v2\/pages"}],"about":[{"href":"https:\/\/gypse180.ca\/index.php\/wp-json\/wp\/v2\/types\/page"}],"author":[{"embeddable":true,"href":"https:\/\/gypse180.ca\/index.php\/wp-json\/wp\/v2\/users\/1"}],"replies":[{"embeddable":true,"href":"https:\/\/gypse180.ca\/index.php\/wp-json\/wp\/v2\/comments?post=984"}],"version-history":[{"count":3,"href":"https:\/\/gypse180.ca\/index.php\/wp-json\/wp\/v2\/pages\/984\/revisions"}],"predecessor-version":[{"id":1007,"href":"https:\/\/gypse180.ca\/index.php\/wp-json\/wp\/v2\/pages\/984\/revisions\/1007"}],"wp:attachment":[{"href":"https:\/\/gypse180.ca\/index.php\/wp-json\/wp\/v2\/media?parent=984"}],"curies":[{"name":"wp","href":"https:\/\/api.w.org\/{rel}","templated":true}]}}