{"id":995,"date":"2025-06-03T10:18:26","date_gmt":"2025-06-03T10:18:26","guid":{"rendered":"https:\/\/gypse180.ca\/?page_id=995"},"modified":"2025-06-03T10:28:00","modified_gmt":"2025-06-03T10:28:00","slug":"industrie-cimentiere","status":"publish","type":"page","link":"https:\/\/gypse180.ca\/index.php\/industrie-cimentiere\/","title":{"rendered":"Industrie cimenti\u00e8re"},"content":{"rendered":"<div class=\"wpb-content-wrapper\"><p>[vc_row wrap_container=\u00a0\u00bbyes\u00a0\u00bb el_class=\u00a0\u00bbjustify-content-center\u00a0\u00bb css=\u00a0\u00bb.vc_custom_1624773826691{margin-top: 36px !important;margin-bottom: 36px !important;padding-top: 36px !important;padding-bottom: 36px !important;}\u00a0\u00bb][vc_column offset=\u00a0\u00bbvc_col-md-7&Prime;][vc_custom_heading text=\u00a0\u00bbINDUSTRIE CIMENTI\u00c8RE\u00a0\u00bb font_container=\u00a0\u00bbtag:h2|font_size:1.35em|text_align:left|line_height:1.6&Prime; use_theme_fonts=\u00a0\u00bbyes\u00a0\u00bb animation_delay=\u00a0\u00bb200&Prime; el_class=\u00a0\u00bbm-b-md\u00a0\u00bb animation_type=\u00a0\u00bbfadeInUp\u00a0\u00bb css_params=\u00a0\u00bb\u00a0\u00bb][vc_custom_heading text=\u00a0\u00bbLe gypse recycl\u00e9 joue un r\u00f4le important dans l&rsquo;industrie cimenti\u00e8re, principalement en tant qu&rsquo;additif. Voici quelques points cl\u00e9s concernant son utilisation\u00a0\u00bb font_container=\u00a0\u00bbtag:p|font_size:1.35em|text_align:left|line_height:1.6&Prime; use_theme_fonts=\u00a0\u00bbyes\u00a0\u00bb animation_delay=\u00a0\u00bb200&Prime; el_class=\u00a0\u00bbm-b-md\u00a0\u00bb animation_type=\u00a0\u00bbfadeInUp\u00a0\u00bb css_params=\u00a0\u00bb\u00a0\u00bb][vc_column_text css=\u00a0\u00bb\u00a0\u00bb css_params=\u00a0\u00bb\u00a0\u00bb]<\/p>\n<ol>\n<li><span style=\"font-weight: 400;\"><strong> R\u00e9gulateur de prise<\/strong> : Le gypse est ajout\u00e9 au ciment pour contr\u00f4ler le temps de prise. Il permet d&rsquo;\u00e9viter que le ciment ne durcisse trop rapidement, ce qui est crucial pour le travail des ma\u00e7ons et des ouvriers du b\u00e2timent.<\/span><\/li>\n<\/ol>\n<ol start=\"2\">\n<li><span style=\"font-weight: 400;\"><strong> Am\u00e9lioration des propri\u00e9t\u00e9s du ciment<\/strong> : L&rsquo;ajout de gypse recycl\u00e9 peut am\u00e9liorer certaines propri\u00e9t\u00e9s du ciment, comme sa r\u00e9sistance et sa durabilit\u00e9. Cela contribue \u00e0 la qualit\u00e9 globale des mat\u00e9riaux de construction.<\/span><\/li>\n<\/ol>\n<ol start=\"3\">\n<li><span style=\"font-weight: 400;\"><strong> R\u00e9duction des d\u00e9chets<\/strong> : L&rsquo;utilisation de gypse recycl\u00e9 dans la fabrication du ciment permet de r\u00e9duire les d\u00e9chets en r\u00e9utilisant un mat\u00e9riau qui pourrait autrement \u00eatre mis en d\u00e9charge. Cela s&rsquo;inscrit dans une d\u00e9marche de d\u00e9veloppement durable et de circularit\u00e9 des mat\u00e9riaux.<\/span><\/li>\n<\/ol>\n<ol start=\"4\">\n<li><span style=\"font-weight: 400;\"><strong> Impact environnemental<\/strong> : En int\u00e9grant du gypse recycl\u00e9, l&rsquo;industrie cimenti\u00e8re peut diminuer son empreinte carbone, car cela r\u00e9duit la n\u00e9cessit\u00e9 d&rsquo;extraire de nouvelles mati\u00e8res premi\u00e8res et diminue les \u00e9missions li\u00e9es \u00e0 la production de ciment.<\/span><\/li>\n<\/ol>\n<p><span style=\"font-weight: 400;\">En r\u00e9sum\u00e9, le gypse recycl\u00e9 est un mat\u00e9riau pr\u00e9cieux dans l&rsquo;industrie cimenti\u00e8re, contribuant \u00e0 la fois \u00e0 l&rsquo;efficacit\u00e9 des processus de fabrication et \u00e0 la durabilit\u00e9 environnementale.\u00a0<\/span>[\/vc_column_text][\/vc_column][vc_column offset=\u00a0\u00bbvc_col-md-offset-1 vc_col-md-4&Prime;][vc_single_image image=\u00a0\u00bb989&Prime; img_size=\u00a0\u00bbfull\u00a0\u00bb alignment=\u00a0\u00bbcenter\u00a0\u00bb css=\u00a0\u00bb\u00a0\u00bb animation_delay=\u00a0\u00bb800&Prime; el_class=\u00a0\u00bbmb-0&Prime; animation_type=\u00a0\u00bbfadeInUp\u00a0\u00bb css_params=\u00a0\u00bb\u00a0\u00bb][\/vc_column][\/vc_row]<\/p>\n<\/div>","protected":false},"excerpt":{"rendered":"<p>[vc_row wrap_container=\u00a0\u00bbyes\u00a0\u00bb el_class=\u00a0\u00bbjustify-content-center\u00a0\u00bb css=\u00a0\u00bb.vc_custom_1624773826691{margin-top: 36px !important;margin-bottom: 36px !important;padding-top: 36px !important;padding-bottom: 36px !important;}\u00a0\u00bb][vc_column offset=\u00a0\u00bbvc_col-md-7&Prime;][vc_custom_heading text=\u00a0\u00bbINDUSTRIE CIMENTI\u00c8RE\u00a0\u00bb font_container=\u00a0\u00bbtag:h2|font_size:1.35em|text_align:left|line_height:1.6&Prime; use_theme_fonts=\u00a0\u00bbyes\u00a0\u00bb animation_delay=\u00a0\u00bb200&Prime; el_class=\u00a0\u00bbm-b-md\u00a0\u00bb animation_type=\u00a0\u00bbfadeInUp\u00a0\u00bb css_params=\u00a0\u00bb\u00a0\u00bb][vc_custom_heading text=\u00a0\u00bbLe gypse recycl\u00e9 joue un r\u00f4le important dans l&rsquo;industrie cimenti\u00e8re, principalement en tant qu&rsquo;additif. Voici quelques points cl\u00e9s concernant son utilisation\u00a0\u00bb font_container=\u00a0\u00bbtag:p|font_size:1.35em|text_align:left|line_height:1.6&Prime; use_theme_fonts=\u00a0\u00bbyes\u00a0\u00bb animation_delay=\u00a0\u00bb200&Prime; el_class=\u00a0\u00bbm-b-md\u00a0\u00bb animation_type=\u00a0\u00bbfadeInUp\u00a0\u00bb css_params=\u00a0\u00bb\u00a0\u00bb][vc_column_text css=\u00a0\u00bb\u00a0\u00bb css_params=\u00a0\u00bb\u00a0\u00bb] R\u00e9gulateur de prise : Le [&hellip;]<\/p>\n","protected":false},"author":1,"featured_media":0,"parent":0,"menu_order":0,"comment_status":"closed","ping_status":"closed","template":"","meta":{"_acf_changed":false,"footnotes":""},"class_list":["post-995","page","type-page","status-publish","hentry"],"acf":[],"_links":{"self":[{"href":"https:\/\/gypse180.ca\/index.php\/wp-json\/wp\/v2\/pages\/995","targetHints":{"allow":["GET"]}}],"collection":[{"href":"https:\/\/gypse180.ca\/index.php\/wp-json\/wp\/v2\/pages"}],"about":[{"href":"https:\/\/gypse180.ca\/index.php\/wp-json\/wp\/v2\/types\/page"}],"author":[{"embeddable":true,"href":"https:\/\/gypse180.ca\/index.php\/wp-json\/wp\/v2\/users\/1"}],"replies":[{"embeddable":true,"href":"https:\/\/gypse180.ca\/index.php\/wp-json\/wp\/v2\/comments?post=995"}],"version-history":[{"count":3,"href":"https:\/\/gypse180.ca\/index.php\/wp-json\/wp\/v2\/pages\/995\/revisions"}],"predecessor-version":[{"id":1005,"href":"https:\/\/gypse180.ca\/index.php\/wp-json\/wp\/v2\/pages\/995\/revisions\/1005"}],"wp:attachment":[{"href":"https:\/\/gypse180.ca\/index.php\/wp-json\/wp\/v2\/media?parent=995"}],"curies":[{"name":"wp","href":"https:\/\/api.w.org\/{rel}","templated":true}]}}